{"id":580,"date":"2024-08-06T16:49:37","date_gmt":"2024-08-06T14:49:37","guid":{"rendered":"https:\/\/www.explorando.cl\/transcontinente\/?page_id=580"},"modified":"2024-08-07T16:14:34","modified_gmt":"2024-08-07T14:14:34","slug":"quienes-somos","status":"publish","type":"page","link":"https:\/\/www.explorando.cl\/transcontinente\/quienes-somos\/","title":{"rendered":"Quienes Somos"},"content":{"rendered":"<section class=\"l-section wpb_row height_medium\"><div class=\"l-section-h i-cf\"><div class=\"g-cols vc_row via_grid cols_1 laptops-cols_inherit tablets-cols_inherit mobiles-cols_1 valign_top type_default stacking_default\"><div class=\"wpb_column vc_column_container\"><div class=\"vc_column-inner\"><div class=\"wpb_text_column\"><div class=\"wpb_wrapper\"><h2>Qui\u00e9nes Somos<\/h2>\n<p><strong>Turismo Transcontinente Online<\/strong> es una empresa que se destaca por ofrecer servicios tur\u00edsticos modernos, basados en el profesionalismo, el acceso a la informaci\u00f3n y el uso de la tecnolog\u00eda como herramientas clave para su desarrollo. Desde 1983, nuestro equipo de profesionales con una destacada trayectoria y amplia experiencia ha estado operando en el sector tur\u00edstico.<\/p>\n<\/div><\/div><div class=\"g-cols wpb_row via_grid cols_1 laptops-cols_inherit tablets-cols_inherit mobiles-cols_1 valign_top type_default stacking_default\" style=\"--gap:3rem;\"><div class=\"wpb_column vc_column_container\"><div class=\"vc_column-inner\"><div class=\"w-separator size_medium\"><\/div><\/div><\/div><\/div><div class=\"g-cols wpb_row via_grid cols_2 laptops-cols_inherit tablets-cols_inherit mobiles-cols_1 valign_top type_default stacking_default\" style=\"--gap:3rem;\"><div class=\"wpb_column vc_column_container\"><div class=\"vc_column-inner\"><div class=\"wpb_text_column\"><div class=\"wpb_wrapper\"><h3>Filosof\u00eda de la Empresa<\/h3>\n<ul>\n<li><strong>Nuestro Servicio<\/strong>: \u00c1gil, cordial y preciso.<\/li>\n<li><strong>Nuestros Precios<\/strong>: Razonables, flexibles y con valores agregados.<\/li>\n<li><strong>Nuestra Gente<\/strong>: T\u00e9cnicamente competente, servicial y extremadamente responsable.<\/li>\n<li><strong>Nuestra Empresa<\/strong>: Confiable, sensible y organizada.<\/li>\n<\/ul>\n<\/div><\/div><\/div><\/div><div class=\"wpb_column vc_column_container\"><div class=\"vc_column-inner\"><div class=\"w-slider style_none fit_scaledown\"><div class=\"w-slider-h\"><div class=\"royalSlider\"><div class=\"rsContent\"><a class=\"rsImg\" data-rsw=\"1600\" data-rsh=\"900\" href=\"https:\/\/www.explorando.cl\/transcontinente\/wp-content\/uploads\/2024\/08\/71.jpg\"><span data-alt=\"\"><\/span><\/a><\/div><div class=\"rsContent\"><a class=\"rsImg\" data-rsw=\"1600\" data-rsh=\"900\" href=\"https:\/\/www.explorando.cl\/transcontinente\/wp-content\/uploads\/2024\/08\/171.jpg\"><span data-alt=\"\"><\/span><\/a><\/div><div class=\"rsContent\"><a class=\"rsImg\" data-rsw=\"1600\" data-rsh=\"900\" href=\"https:\/\/www.explorando.cl\/transcontinente\/wp-content\/uploads\/2024\/08\/271.jpg\"><span data-alt=\"\"><\/span><\/a><\/div><div class=\"rsContent\"><a class=\"rsImg\" data-rsw=\"1600\" data-rsh=\"900\" href=\"https:\/\/www.explorando.cl\/transcontinente\/wp-content\/uploads\/2024\/08\/361.jpg\"><span data-alt=\"\"><\/span><\/a><\/div><\/div><img decoding=\"async\" src=\"https:\/\/www.explorando.cl\/transcontinente\/wp-content\/uploads\/2024\/08\/71.jpg\" width=\"1600\" height=\"900\" alt loading=\"lazy\"><\/div><div class=\"w-slider-json\" onclick='return {&quot;autoScaleSlider&quot;:true,&quot;loop&quot;:true,&quot;fadeInLoadedSlide&quot;:false,&quot;slidesSpacing&quot;:0,&quot;imageScalePadding&quot;:0,&quot;numImagesToPreload&quot;:2,&quot;arrowsNav&quot;:true,&quot;arrowsNavAutoHide&quot;:false,&quot;transitionType&quot;:&quot;move&quot;,&quot;transitionSpeed&quot;:250,&quot;block&quot;:{&quot;moveEffect&quot;:&quot;none&quot;,&quot;speed&quot;:300},&quot;thumbs&quot;:{&quot;fitInViewport&quot;:false},&quot;controlNavigation&quot;:&quot;none&quot;,&quot;autoplay&quot;:{&quot;enabled&quot;:true,&quot;pauseOnHover&quot;:true,&quot;delay&quot;:3000},&quot;imageScaleMode&quot;:&quot;fit-if-smaller&quot;,&quot;autoScaleSliderWidth&quot;:1600,&quot;autoScaleSliderHeight&quot;:900}'><\/div><\/div><\/div><\/div><\/div><div class=\"g-cols wpb_row via_grid cols_1 laptops-cols_inherit tablets-cols_inherit mobiles-cols_1 valign_top type_default stacking_default\" style=\"--gap:3rem;\"><div class=\"wpb_column vc_column_container\"><div class=\"vc_column-inner\"><div class=\"w-separator size_medium\"><\/div><\/div><\/div><\/div><div class=\"g-cols wpb_row via_grid cols_2 laptops-cols_inherit tablets-cols_inherit mobiles-cols_1 valign_top type_default stacking_default\" style=\"--gap:3rem;\"><div class=\"wpb_column vc_column_container\"><div class=\"vc_column-inner\"><div class=\"wpb_text_column\"><div class=\"wpb_wrapper\"><h3 style=\"text-align: center;\"><strong>Misi\u00f3n<\/strong><\/h3>\n<p style=\"text-align: center;\">Formar una red de alianzas estrat\u00e9gicas que potencien la performance comercial de todas las partes. Brindar servicios tur\u00edsticos en su m\u00e1s amplia definici\u00f3n. Vincularse con la comunidad y entidades intermedias a trav\u00e9s de programas de responsabilidad social empresarial.<\/p>\n<\/div><\/div><\/div><\/div><div class=\"wpb_column vc_column_container\"><div class=\"vc_column-inner\"><div class=\"wpb_text_column\"><div class=\"wpb_wrapper\"><h3 style=\"text-align: center;\">Visi\u00f3n<\/h3>\n<p style=\"text-align: center;\">Ser valorados por empresas, personas e instituciones como un equipo de profesionales que ofrece las mejores soluciones en relaci\u00f3n costo-beneficio para cada programa planteado.<\/p>\n<\/div><\/div><\/div><\/div><\/div><\/div><\/div><\/div><\/div><\/section>\n","protected":false},"excerpt":{"rendered":"Qui\u00e9nes Somos Turismo Transcontinente Online es una empresa que se destaca por ofrecer servicios tur\u00edsticos modernos, basados en el profesionalismo, el acceso a la informaci\u00f3n y el uso de la tecnolog\u00eda como herramientas clave para su desarrollo. Desde 1983, nuestro equipo de profesionales con una destacada trayectoria y amplia experiencia ha estado operando en el...","protected":false},"author":1,"featured_media":0,"parent":0,"menu_order":0,"comment_status":"closed","ping_status":"closed","template":"","meta":{"_acf_changed":false,"_joinchat":[],"footnotes":""},"class_list":["post-580","page","type-page","status-publish","hentry"],"acf":[],"_links":{"self":[{"href":"https:\/\/www.explorando.cl\/transcontinente\/wp-json\/wp\/v2\/pages\/580","targetHints":{"allow":["GET"]}}],"collection":[{"href":"https:\/\/www.explorando.cl\/transcontinente\/wp-json\/wp\/v2\/pages"}],"about":[{"href":"https:\/\/www.explorando.cl\/transcontinente\/wp-json\/wp\/v2\/types\/page"}],"author":[{"embeddable":true,"href":"https:\/\/www.explorando.cl\/transcontinente\/wp-json\/wp\/v2\/users\/1"}],"replies":[{"embeddable":true,"href":"https:\/\/www.explorando.cl\/transcontinente\/wp-json\/wp\/v2\/comments?post=580"}],"version-history":[{"count":7,"href":"https:\/\/www.explorando.cl\/transcontinente\/wp-json\/wp\/v2\/pages\/580\/revisions"}],"predecessor-version":[{"id":734,"href":"https:\/\/www.explorando.cl\/transcontinente\/wp-json\/wp\/v2\/pages\/580\/revisions\/734"}],"wp:attachment":[{"href":"https:\/\/www.explorando.cl\/transcontinente\/wp-json\/wp\/v2\/media?parent=580"}],"curies":[{"name":"wp","href":"https:\/\/api.w.org\/{rel}","templated":true}]}}